{"id":1494,"date":"2026-01-13T14:24:38","date_gmt":"2026-01-13T14:24:38","guid":{"rendered":"https:\/\/rizvancity.com\/en\/?page_id=1494"},"modified":"2026-01-13T14:44:03","modified_gmt":"2026-01-13T14:44:03","slug":"blog-paintball-adrenalinski-park-team-building-rizvan-city-lika-gospic","status":"publish","type":"page","link":"https:\/\/rizvancity.com\/en\/blog-paintball-adrenalinski-park-team-building-rizvan-city-lika-gospic\/","title":{"rendered":"Blog paintball adrenalinski park team building rizvan city lika gospi\u0107"},"content":{"rendered":"\t\t<div data-elementor-type=\"wp-page\" data-elementor-id=\"1494\" class=\"elementor elementor-1494\" data-elementor-post-type=\"page\">\n\t\t\t\t<div class=\"elementor-element elementor-element-56d27f1 e-flex e-con-boxed e-con e-parent\" data-id=\"56d27f1\" data-element_type=\"container\">\n\t\t\t\t\t<div class=\"e-con-inner\">\n\t\t\t\t<div class=\"elementor-element elementor-element-5cdea81 elementor-widget elementor-widget-heading\" data-id=\"5cdea81\" data-element_type=\"widget\" data-widget_type=\"heading.default\">\n\t\t\t\t\t<h2 class=\"elementor-heading-title elementor-size-default\">We write for you<\/h2>\t\t\t\t<\/div>\n\t\t\t\t\t<\/div>\n\t\t\t\t<\/div>\n\t\t<div class=\"elementor-element elementor-element-26b84f9 e-flex e-con-boxed e-con e-parent\" data-id=\"26b84f9\" data-element_type=\"container\">\n\t\t\t\t\t<div class=\"e-con-inner\">\n\t\t\t\t<div class=\"elementor-element elementor-element-d6e9185 elementor-widget elementor-widget-text-editor\" data-id=\"d6e9185\" data-element_type=\"widget\" data-widget_type=\"text-editor.default\">\n\t\t\t\t\t\t\t\t\t<p>Welcome to the Rizvan City blog \u2013 a place where we share ideas, guides, and tips for unforgettable trips in Lika, near Gospi\u0107 and at the foot of Velebit. Here you will find practical information about activities such as team building, paintball, adrenaline experiences, and staying in nature, as well as recommendations on how to plan the perfect day (or weekend) for your team, family, or colleagues. If you are looking for inspiration for an active holiday in Croatia, you are in the right place.<\/p>\t\t\t\t\t\t\t\t<\/div>\n\t\t\t\t\t<\/div>\n\t\t\t\t<\/div>\n\t\t<div class=\"elementor-element elementor-element-4159a57 e-con-full e-flex e-con e-parent\" data-id=\"4159a57\" data-element_type=\"container\">\n\t\t\t\t<div class=\"elementor-element elementor-element-88f6dc9 elementor-grid-4 elementor-grid-tablet-2 elementor-grid-mobile-1 elementor-widget elementor-widget-loop-grid\" data-id=\"88f6dc9\" data-element_type=\"widget\" data-settings=\"{&quot;template_id&quot;:&quot;1515&quot;,&quot;columns&quot;:4,&quot;_skin&quot;:&quot;post&quot;,&quot;columns_tablet&quot;:&quot;2&quot;,&quot;columns_mobile&quot;:&quot;1&quot;,&quot;edit_handle_selector&quot;:&quot;[data-elementor-type=\\&quot;loop-item\\&quot;]&quot;,&quot;row_gap&quot;:{&quot;unit&quot;:&quot;px&quot;,&quot;size&quot;:&quot;&quot;,&quot;sizes&quot;:[]},&quot;row_gap_tablet&quot;:{&quot;unit&quot;:&quot;px&quot;,&quot;size&quot;:&quot;&quot;,&quot;sizes&quot;:[]},&quot;row_gap_mobile&quot;:{&quot;unit&quot;:&quot;px&quot;,&quot;size&quot;:&quot;&quot;,&quot;sizes&quot;:[]}}\" data-widget_type=\"loop-grid.post\">\n\t\t\t\t<div class=\"elementor-widget-container\">\n\t\t\t\t\t\t\t<div class=\"elementor-loop-container elementor-grid\" role=\"list\">\n\t\t<style id=\"loop-dynamic-1515\">.e-loop-item-1471 .elementor-element.elementor-element-5047cc0:not(.elementor-motion-effects-element-type-background), .e-loop-item-1471 .elementor-element.elementor-element-5047cc0 > .elementor-motion-effects-container > .elementor-motion-effects-layer{background-image:url(\"https:\/\/rizvancity.com\/en\/wp-content\/uploads\/2025\/10\/3700927886439330381978012803_zl_1-1.jpg\");}<\/style><style id=\"loop-1515\">.elementor-1515 .elementor-element.elementor-element-1654097{--display:flex;--min-height:550px;--flex-direction:column;--container-widget-width:100%;--container-widget-height:initial;--container-widget-flex-grow:0;--container-widget-align-self:initial;--flex-wrap-mobile:wrap;--justify-content:space-between;--gap:0px 0px;--row-gap:0px;--column-gap:0px;border-style:solid;--border-style:solid;border-color:var( --e-global-color-084e001 );--border-color:var( --e-global-color-084e001 );--border-radius:20px 20px 20px 20px;box-shadow:0px 0px 10px 0px rgba(0,0,0,0.5);--margin-top:0px;--margin-bottom:0px;--margin-left:0px;--margin-right:0px;--padding-top:0px;--padding-bottom:0px;--padding-left:0px;--padding-right:0px;}.elementor-1515 .elementor-element.elementor-element-5047cc0{--display:flex;--min-height:300px;--border-radius:20px 20px 0px 0px;--margin-top:0px;--margin-bottom:0px;--margin-left:0px;--margin-right:0px;--padding-top:0px;--padding-bottom:0px;--padding-left:0px;--padding-right:0px;}.elementor-1515 .elementor-element.elementor-element-a6303d9{--display:flex;--min-height:150px;--margin-top:0px;--margin-bottom:0px;--margin-left:0px;--margin-right:0px;--padding-top:30px;--padding-bottom:30px;--padding-left:30px;--padding-right:30px;}.elementor-1515 .elementor-element.elementor-element-a6303d9:not(.elementor-motion-effects-element-type-background), .elementor-1515 .elementor-element.elementor-element-a6303d9 > .elementor-motion-effects-container > .elementor-motion-effects-layer{background-color:var( --e-global-color-db38dd2 );}.elementor-widget-theme-post-title .elementor-heading-title{font-family:var( --e-global-typography-primary-font-family ), Sans-serif;font-weight:var( --e-global-typography-primary-font-weight );color:var( --e-global-color-primary );}.elementor-1515 .elementor-element.elementor-element-fc010c5{text-align:center;}.elementor-1515 .elementor-element.elementor-element-fc010c5 .elementor-heading-title{font-family:\"Roboto\", Sans-serif;font-size:2em;font-weight:600;color:var( --e-global-color-084e001 );}.elementor-1515 .elementor-element.elementor-element-ac05327{--display:flex;--min-height:100px;--margin-top:0px;--margin-bottom:0px;--margin-left:0px;--margin-right:0px;--padding-top:30px;--padding-bottom:30px;--padding-left:30px;--padding-right:30px;}.elementor-1515 .elementor-element.elementor-element-ac05327:not(.elementor-motion-effects-element-type-background), .elementor-1515 .elementor-element.elementor-element-ac05327 > .elementor-motion-effects-container > .elementor-motion-effects-layer{background-color:var( --e-global-color-db38dd2 );}.elementor-widget-button .elementor-button{background-color:var( --e-global-color-accent );font-family:var( --e-global-typography-accent-font-family ), Sans-serif;font-weight:var( --e-global-typography-accent-font-weight );}.elementor-1515 .elementor-element.elementor-element-3d7c74b .elementor-button{background-color:var( --e-global-color-084e001 );font-family:\"Roboto\", Sans-serif;font-size:1.4em;font-weight:500;text-transform:uppercase;fill:var( --e-global-color-db38dd2 );color:var( --e-global-color-db38dd2 );}<\/style>\t\t<div data-elementor-type=\"loop-item\" data-elementor-id=\"1515\" class=\"elementor elementor-1515 e-loop-item e-loop-item-1471 post-1471 post type-post status-publish format-standard has-post-thumbnail hentry category-uncategorized tag-team-building\" data-elementor-post-type=\"elementor_library\" data-custom-edit-handle=\"1\">\n\t\t\t<div class=\"elementor-element elementor-element-1654097 e-flex e-con-boxed e-con e-parent\" data-id=\"1654097\" data-element_type=\"container\">\n\t\t\t\t\t<div class=\"e-con-inner\">\n\t\t<div class=\"elementor-element elementor-element-5047cc0 e-con-full e-flex e-con e-child\" data-id=\"5047cc0\" data-element_type=\"container\" data-settings=\"{&quot;background_background&quot;:&quot;classic&quot;}\">\n\t\t\t\t<\/div>\n\t\t<div class=\"elementor-element elementor-element-a6303d9 e-con-full e-flex e-con e-child\" data-id=\"a6303d9\" data-element_type=\"container\" data-settings=\"{&quot;background_background&quot;:&quot;classic&quot;}\">\n\t\t\t\t<div class=\"elementor-element elementor-element-fc010c5 elementor-widget elementor-widget-theme-post-title elementor-page-title elementor-widget-heading\" data-id=\"fc010c5\" data-element_type=\"widget\" data-widget_type=\"theme-post-title.default\">\n\t\t\t\t\t<h1 class=\"elementor-heading-title elementor-size-default\">Teambuilding na Velebitu \u2013 nezaboravno iskustvo<\/h1>\t\t\t\t<\/div>\n\t\t\t\t<\/div>\n\t\t<div class=\"elementor-element elementor-element-ac05327 e-con-full e-flex e-con e-child\" data-id=\"ac05327\" data-element_type=\"container\" data-settings=\"{&quot;background_background&quot;:&quot;classic&quot;}\">\n\t\t\t\t<div class=\"elementor-element elementor-element-3d7c74b elementor-align-justify elementor-widget elementor-widget-button\" data-id=\"3d7c74b\" data-element_type=\"widget\" data-widget_type=\"button.default\">\n\t\t\t\t\t\t\t\t\t\t<a class=\"elementor-button elementor-button-link elementor-size-sm\" href=\"https:\/\/rizvancity.com\/en\/teambuilding-na-velebitu-adria-velebit\/\">\n\t\t\t\t\t\t<span class=\"elementor-button-content-wrapper\">\n\t\t\t\t\t\t\t\t\t<span class=\"elementor-button-text\">More details<\/span>\n\t\t\t\t\t<\/span>\n\t\t\t\t\t<\/a>\n\t\t\t\t\t\t\t\t<\/div>\n\t\t\t\t<\/div>\n\t\t\t\t\t<\/div>\n\t\t\t\t<\/div>\n\t\t\t\t<\/div>\n\t\t\t\t<\/div>\n\t\t\n\t\t\t\t\t\t<\/div>\n\t\t\t\t<\/div>\n\t\t\t\t<\/div>\n\t\t\t\t<\/div>\n\t\t","protected":false},"excerpt":{"rendered":"<p>Pi\u0161emo za vas Dobro do\u0161li na Rizvan City blog \u2013 mjesto gdje dijelimo ideje, vodi\u010de i savjete za nezaboravne izlete u Lici, kraj Gospi\u0107a i podno Velebita. Ovdje \u0107ete prona\u0107i prakti\u010dne informacije o aktivnostima poput teambuildinga, paintballa, adrenalinskih sadr\u017eaja i boravka u prirodi, kao i preporuke kako isplanirati savr\u0161en dan (ili vikend) za ekipu, obitelj [&hellip;]<\/p>\n","protected":false},"author":1,"featured_media":1334,"parent":0,"menu_order":1,"comment_status":"closed","ping_status":"closed","template":"","meta":{"_acf_changed":false,"footnotes":""},"class_list":["post-1494","page","type-page","status-publish","has-post-thumbnail","hentry"],"acf":[],"yoast_head":"<!-- This site is optimized with the Yoast SEO Premium plugin v26.3 (Yoast SEO v27.4) - https:\/\/yoast.com\/product\/yoast-seo-premium-wordpress\/ -->\n<title>Blog paintball adrenalinski park team building rizvan city lika gospi\u0107 - Rizvan city Lika - paintball centar - adrenalinski park u Lici<\/title>\n<meta name=\"robots\" content=\"index, follow, max-snippet:-1, max-image-preview:large, max-video-preview:-1\" \/>\n<link rel=\"canonical\" href=\"https:\/\/rizvancity.com\/en\/blog-paintball-adrenalinski-park-team-building-rizvan-city-lika-gospic\/\" \/>\n<meta property=\"og:locale\" content=\"en_US\" \/>\n<meta property=\"og:type\" content=\"article\" \/>\n<meta property=\"og:title\" content=\"Blog paintball adrenalinski park team building rizvan city lika gospi\u0107\" \/>\n<meta property=\"og:description\" content=\"Pi\u0161emo za vas Dobro do\u0161li na Rizvan City blog \u2013 mjesto gdje dijelimo ideje, vodi\u010de i savjete za nezaboravne izlete u Lici, kraj Gospi\u0107a i podno Velebita. Ovdje \u0107ete prona\u0107i prakti\u010dne informacije o aktivnostima poput teambuildinga, paintballa, adrenalinskih sadr\u017eaja i boravka u prirodi, kao i preporuke kako isplanirati savr\u0161en dan (ili vikend) za ekipu, obitelj [&hellip;]\" \/>\n<meta property=\"og:url\" content=\"https:\/\/rizvancity.com\/en\/blog-paintball-adrenalinski-park-team-building-rizvan-city-lika-gospic\/\" \/>\n<meta property=\"og:site_name\" content=\"Rizvan city Lika - paintball centar - adrenalinski park u Lici\" \/>\n<meta property=\"article:publisher\" content=\"https:\/\/www.facebook.com\/RizvanCity\/\" \/>\n<meta property=\"article:modified_time\" content=\"2026-01-13T14:44:03+00:00\" \/>\n<meta property=\"og:image\" content=\"https:\/\/rizvancity.com\/en\/wp-content\/uploads\/2025\/12\/1247330697477644792183875459_uo_5.jpg\" \/>\n\t<meta property=\"og:image:width\" content=\"500\" \/>\n\t<meta property=\"og:image:height\" content=\"375\" \/>\n\t<meta property=\"og:image:type\" content=\"image\/jpeg\" \/>\n<meta name=\"twitter:card\" content=\"summary_large_image\" \/>\n<meta name=\"twitter:label1\" content=\"Est. reading time\" \/>\n\t<meta name=\"twitter:data1\" content=\"1 minute\" \/>\n<script type=\"application\/ld+json\" class=\"yoast-schema-graph\">{\"@context\":\"https:\\\/\\\/schema.org\",\"@graph\":[{\"@type\":\"WebPage\",\"@id\":\"https:\\\/\\\/rizvancity.com\\\/en\\\/blog-paintball-adrenalinski-park-team-building-rizvan-city-lika-gospic\\\/\",\"url\":\"https:\\\/\\\/rizvancity.com\\\/en\\\/blog-paintball-adrenalinski-park-team-building-rizvan-city-lika-gospic\\\/\",\"name\":\"Blog paintball adrenalinski park team building rizvan city lika gospi\u0107 - Rizvan city Lika - paintball centar - adrenalinski park u Lici\",\"isPartOf\":{\"@id\":\"https:\\\/\\\/rizvancity.com\\\/en\\\/#website\"},\"primaryImageOfPage\":{\"@id\":\"https:\\\/\\\/rizvancity.com\\\/en\\\/blog-paintball-adrenalinski-park-team-building-rizvan-city-lika-gospic\\\/#primaryimage\"},\"image\":{\"@id\":\"https:\\\/\\\/rizvancity.com\\\/en\\\/blog-paintball-adrenalinski-park-team-building-rizvan-city-lika-gospic\\\/#primaryimage\"},\"thumbnailUrl\":\"https:\\\/\\\/rizvancity.com\\\/en\\\/wp-content\\\/uploads\\\/2025\\\/12\\\/1247330697477644792183875459_uo_5.jpg\",\"datePublished\":\"2026-01-13T14:24:38+00:00\",\"dateModified\":\"2026-01-13T14:44:03+00:00\",\"breadcrumb\":{\"@id\":\"https:\\\/\\\/rizvancity.com\\\/en\\\/blog-paintball-adrenalinski-park-team-building-rizvan-city-lika-gospic\\\/#breadcrumb\"},\"inLanguage\":\"en-US\",\"potentialAction\":[{\"@type\":\"ReadAction\",\"target\":[\"https:\\\/\\\/rizvancity.com\\\/en\\\/blog-paintball-adrenalinski-park-team-building-rizvan-city-lika-gospic\\\/\"]}]},{\"@type\":\"ImageObject\",\"inLanguage\":\"en-US\",\"@id\":\"https:\\\/\\\/rizvancity.com\\\/en\\\/blog-paintball-adrenalinski-park-team-building-rizvan-city-lika-gospic\\\/#primaryimage\",\"url\":\"https:\\\/\\\/rizvancity.com\\\/en\\\/wp-content\\\/uploads\\\/2025\\\/12\\\/1247330697477644792183875459_uo_5.jpg\",\"contentUrl\":\"https:\\\/\\\/rizvancity.com\\\/en\\\/wp-content\\\/uploads\\\/2025\\\/12\\\/1247330697477644792183875459_uo_5.jpg\",\"width\":500,\"height\":375},{\"@type\":\"BreadcrumbList\",\"@id\":\"https:\\\/\\\/rizvancity.com\\\/en\\\/blog-paintball-adrenalinski-park-team-building-rizvan-city-lika-gospic\\\/#breadcrumb\",\"itemListElement\":[{\"@type\":\"ListItem\",\"position\":1,\"name\":\"Home\",\"item\":\"https:\\\/\\\/rizvancity.com\\\/en\\\/\"},{\"@type\":\"ListItem\",\"position\":2,\"name\":\"Blog paintball adrenalinski park team building rizvan city lika gospi\u0107\"}]},{\"@type\":\"WebSite\",\"@id\":\"https:\\\/\\\/rizvancity.com\\\/en\\\/#website\",\"url\":\"https:\\\/\\\/rizvancity.com\\\/en\\\/\",\"name\":\"Rizvan city Lika - paintball centar - adrenalinski park u Lici\",\"description\":\"Rizvan city Lika - paintball centar - adrenalinski park u Lici\",\"publisher\":{\"@id\":\"https:\\\/\\\/rizvancity.com\\\/en\\\/#organization\"},\"alternateName\":\"Rizvan city Lika - paintball centar - adrenalinski park u Lici\",\"potentialAction\":[{\"@type\":\"SearchAction\",\"target\":{\"@type\":\"EntryPoint\",\"urlTemplate\":\"https:\\\/\\\/rizvancity.com\\\/en\\\/?s={search_term_string}\"},\"query-input\":{\"@type\":\"PropertyValueSpecification\",\"valueRequired\":true,\"valueName\":\"search_term_string\"}}],\"inLanguage\":\"en-US\"},{\"@type\":[\"Organization\",\"Place\"],\"@id\":\"https:\\\/\\\/rizvancity.com\\\/en\\\/#organization\",\"name\":\"Rizvan city Lika - paintball centar - adrenalinski park u Lici\",\"alternateName\":\"izvan city Lika - paintball centar - adrenalinski park u Lici\",\"url\":\"https:\\\/\\\/rizvancity.com\\\/en\\\/\",\"logo\":{\"@id\":\"https:\\\/\\\/rizvancity.com\\\/en\\\/blog-paintball-adrenalinski-park-team-building-rizvan-city-lika-gospic\\\/#local-main-organization-logo\"},\"image\":{\"@id\":\"https:\\\/\\\/rizvancity.com\\\/en\\\/blog-paintball-adrenalinski-park-team-building-rizvan-city-lika-gospic\\\/#local-main-organization-logo\"},\"sameAs\":[\"https:\\\/\\\/www.facebook.com\\\/RizvanCity\\\/\",\"https:\\\/\\\/www.instagram.com\\\/rizvancity\\\/\"],\"address\":{\"@id\":\"https:\\\/\\\/rizvancity.com\\\/en\\\/blog-paintball-adrenalinski-park-team-building-rizvan-city-lika-gospic\\\/#local-main-place-address\"},\"geo\":{\"@type\":\"GeoCoordinates\",\"latitude\":\"44.496163632536295\",\"longitude\":\"15.29129950360821\"},\"telephone\":[\"+385 53 57 33 33\"],\"contactPoint\":{\"@type\":\"ContactPoint\",\"telephone\":\"+385 53 57 33 33\",\"email\":\"info@adria-velebitica.hr\"},\"openingHoursSpecification\":[{\"@type\":\"OpeningHoursSpecification\",\"dayOfWeek\":[\"Monday\",\"Tuesday\",\"Wednesday\",\"Thursday\",\"Friday\",\"Saturday\",\"Sunday\"],\"opens\":\"09:00\",\"closes\":\"17:00\"}],\"vatID\":\"78698896122\",\"globalLocationNumber\":\"385\"},{\"@type\":\"PostalAddress\",\"@id\":\"https:\\\/\\\/rizvancity.com\\\/en\\\/blog-paintball-adrenalinski-park-team-building-rizvan-city-lika-gospic\\\/#local-main-place-address\",\"streetAddress\":\"Rizvanu\u0161a 1\",\"addressLocality\":\"Gospi\u0107\",\"postalCode\":\"53000\",\"addressRegion\":\"Lika\",\"addressCountry\":\"HR\"},{\"@type\":\"ImageObject\",\"inLanguage\":\"en-US\",\"@id\":\"https:\\\/\\\/rizvancity.com\\\/en\\\/blog-paintball-adrenalinski-park-team-building-rizvan-city-lika-gospic\\\/#local-main-organization-logo\",\"url\":\"https:\\\/\\\/rizvancity.com\\\/en\\\/wp-content\\\/uploads\\\/2025\\\/10\\\/radiAsset-1.svg\",\"contentUrl\":\"https:\\\/\\\/rizvancity.com\\\/en\\\/wp-content\\\/uploads\\\/2025\\\/10\\\/radiAsset-1.svg\",\"width\":425,\"height\":166,\"caption\":\"Rizvan city Lika - paintball centar - adrenalinski park u Lici\"}]}<\/script>\n<meta name=\"geo.placename\" content=\"Gospi\u0107\" \/>\n<meta name=\"geo.position\" content=\"44.496163632536295;15.29129950360821\" \/>\n<meta name=\"geo.region\" content=\"Croatia\" \/>\n<!-- \/ Yoast SEO Premium plugin. -->","yoast_head_json":{"title":"Blog paintball adrenalinski park team building rizvan city lika gospi\u0107 - Rizvan city Lika - paintball centar - adrenalinski park u Lici","robots":{"index":"index","follow":"follow","max-snippet":"max-snippet:-1","max-image-preview":"max-image-preview:large","max-video-preview":"max-video-preview:-1"},"canonical":"https:\/\/rizvancity.com\/en\/blog-paintball-adrenalinski-park-team-building-rizvan-city-lika-gospic\/","og_locale":"en_US","og_type":"article","og_title":"Blog paintball adrenalinski park team building rizvan city lika gospi\u0107","og_description":"Pi\u0161emo za vas Dobro do\u0161li na Rizvan City blog \u2013 mjesto gdje dijelimo ideje, vodi\u010de i savjete za nezaboravne izlete u Lici, kraj Gospi\u0107a i podno Velebita. Ovdje \u0107ete prona\u0107i prakti\u010dne informacije o aktivnostima poput teambuildinga, paintballa, adrenalinskih sadr\u017eaja i boravka u prirodi, kao i preporuke kako isplanirati savr\u0161en dan (ili vikend) za ekipu, obitelj [&hellip;]","og_url":"https:\/\/rizvancity.com\/en\/blog-paintball-adrenalinski-park-team-building-rizvan-city-lika-gospic\/","og_site_name":"Rizvan city Lika - paintball centar - adrenalinski park u Lici","article_publisher":"https:\/\/www.facebook.com\/RizvanCity\/","article_modified_time":"2026-01-13T14:44:03+00:00","og_image":[{"width":500,"height":375,"url":"https:\/\/rizvancity.com\/en\/wp-content\/uploads\/2025\/12\/1247330697477644792183875459_uo_5.jpg","type":"image\/jpeg"}],"twitter_card":"summary_large_image","twitter_misc":{"Est. reading time":"1 minute"},"schema":{"@context":"https:\/\/schema.org","@graph":[{"@type":"WebPage","@id":"https:\/\/rizvancity.com\/en\/blog-paintball-adrenalinski-park-team-building-rizvan-city-lika-gospic\/","url":"https:\/\/rizvancity.com\/en\/blog-paintball-adrenalinski-park-team-building-rizvan-city-lika-gospic\/","name":"Blog paintball adrenalinski park team building rizvan city lika gospi\u0107 - Rizvan city Lika - paintball centar - adrenalinski park u Lici","isPartOf":{"@id":"https:\/\/rizvancity.com\/en\/#website"},"primaryImageOfPage":{"@id":"https:\/\/rizvancity.com\/en\/blog-paintball-adrenalinski-park-team-building-rizvan-city-lika-gospic\/#primaryimage"},"image":{"@id":"https:\/\/rizvancity.com\/en\/blog-paintball-adrenalinski-park-team-building-rizvan-city-lika-gospic\/#primaryimage"},"thumbnailUrl":"https:\/\/rizvancity.com\/en\/wp-content\/uploads\/2025\/12\/1247330697477644792183875459_uo_5.jpg","datePublished":"2026-01-13T14:24:38+00:00","dateModified":"2026-01-13T14:44:03+00:00","breadcrumb":{"@id":"https:\/\/rizvancity.com\/en\/blog-paintball-adrenalinski-park-team-building-rizvan-city-lika-gospic\/#breadcrumb"},"inLanguage":"en-US","potentialAction":[{"@type":"ReadAction","target":["https:\/\/rizvancity.com\/en\/blog-paintball-adrenalinski-park-team-building-rizvan-city-lika-gospic\/"]}]},{"@type":"ImageObject","inLanguage":"en-US","@id":"https:\/\/rizvancity.com\/en\/blog-paintball-adrenalinski-park-team-building-rizvan-city-lika-gospic\/#primaryimage","url":"https:\/\/rizvancity.com\/en\/wp-content\/uploads\/2025\/12\/1247330697477644792183875459_uo_5.jpg","contentUrl":"https:\/\/rizvancity.com\/en\/wp-content\/uploads\/2025\/12\/1247330697477644792183875459_uo_5.jpg","width":500,"height":375},{"@type":"BreadcrumbList","@id":"https:\/\/rizvancity.com\/en\/blog-paintball-adrenalinski-park-team-building-rizvan-city-lika-gospic\/#breadcrumb","itemListElement":[{"@type":"ListItem","position":1,"name":"Home","item":"https:\/\/rizvancity.com\/en\/"},{"@type":"ListItem","position":2,"name":"Blog paintball adrenalinski park team building rizvan city lika gospi\u0107"}]},{"@type":"WebSite","@id":"https:\/\/rizvancity.com\/en\/#website","url":"https:\/\/rizvancity.com\/en\/","name":"Rizvan city Lika - paintball centar - adrenalinski park u Lici","description":"Rizvan city Lika - paintball centar - adrenalinski park u Lici","publisher":{"@id":"https:\/\/rizvancity.com\/en\/#organization"},"alternateName":"Rizvan city Lika - paintball centar - adrenalinski park u Lici","potentialAction":[{"@type":"SearchAction","target":{"@type":"EntryPoint","urlTemplate":"https:\/\/rizvancity.com\/en\/?s={search_term_string}"},"query-input":{"@type":"PropertyValueSpecification","valueRequired":true,"valueName":"search_term_string"}}],"inLanguage":"en-US"},{"@type":["Organization","Place"],"@id":"https:\/\/rizvancity.com\/en\/#organization","name":"Rizvan city Lika - paintball centar - adrenalinski park u Lici","alternateName":"izvan city Lika - paintball centar - adrenalinski park u Lici","url":"https:\/\/rizvancity.com\/en\/","logo":{"@id":"https:\/\/rizvancity.com\/en\/blog-paintball-adrenalinski-park-team-building-rizvan-city-lika-gospic\/#local-main-organization-logo"},"image":{"@id":"https:\/\/rizvancity.com\/en\/blog-paintball-adrenalinski-park-team-building-rizvan-city-lika-gospic\/#local-main-organization-logo"},"sameAs":["https:\/\/www.facebook.com\/RizvanCity\/","https:\/\/www.instagram.com\/rizvancity\/"],"address":{"@id":"https:\/\/rizvancity.com\/en\/blog-paintball-adrenalinski-park-team-building-rizvan-city-lika-gospic\/#local-main-place-address"},"geo":{"@type":"GeoCoordinates","latitude":"44.496163632536295","longitude":"15.29129950360821"},"telephone":["+385 53 57 33 33"],"contactPoint":{"@type":"ContactPoint","telephone":"+385 53 57 33 33","email":"info@adria-velebitica.hr"},"openingHoursSpecification":[{"@type":"OpeningHoursSpecification","dayOfWeek":["Monday","Tuesday","Wednesday","Thursday","Friday","Saturday","Sunday"],"opens":"09:00","closes":"17:00"}],"vatID":"78698896122","globalLocationNumber":"385"},{"@type":"PostalAddress","@id":"https:\/\/rizvancity.com\/en\/blog-paintball-adrenalinski-park-team-building-rizvan-city-lika-gospic\/#local-main-place-address","streetAddress":"Rizvanu\u0161a 1","addressLocality":"Gospi\u0107","postalCode":"53000","addressRegion":"Lika","addressCountry":"HR"},{"@type":"ImageObject","inLanguage":"en-US","@id":"https:\/\/rizvancity.com\/en\/blog-paintball-adrenalinski-park-team-building-rizvan-city-lika-gospic\/#local-main-organization-logo","url":"https:\/\/rizvancity.com\/en\/wp-content\/uploads\/2025\/10\/radiAsset-1.svg","contentUrl":"https:\/\/rizvancity.com\/en\/wp-content\/uploads\/2025\/10\/radiAsset-1.svg","width":425,"height":166,"caption":"Rizvan city Lika - paintball centar - adrenalinski park u Lici"}]},"geo.placename":"Gospi\u0107","geo.position":{"lat":"44.496163632536295","long":"15.29129950360821"},"geo.region":"Croatia"},"_links":{"self":[{"href":"https:\/\/rizvancity.com\/en\/wp-json\/wp\/v2\/pages\/1494","targetHints":{"allow":["GET"]}}],"collection":[{"href":"https:\/\/rizvancity.com\/en\/wp-json\/wp\/v2\/pages"}],"about":[{"href":"https:\/\/rizvancity.com\/en\/wp-json\/wp\/v2\/types\/page"}],"author":[{"embeddable":true,"href":"https:\/\/rizvancity.com\/en\/wp-json\/wp\/v2\/users\/1"}],"replies":[{"embeddable":true,"href":"https:\/\/rizvancity.com\/en\/wp-json\/wp\/v2\/comments?post=1494"}],"version-history":[{"count":28,"href":"https:\/\/rizvancity.com\/en\/wp-json\/wp\/v2\/pages\/1494\/revisions"}],"predecessor-version":[{"id":1532,"href":"https:\/\/rizvancity.com\/en\/wp-json\/wp\/v2\/pages\/1494\/revisions\/1532"}],"wp:featuredmedia":[{"embeddable":true,"href":"https:\/\/rizvancity.com\/en\/wp-json\/wp\/v2\/media\/1334"}],"wp:attachment":[{"href":"https:\/\/rizvancity.com\/en\/wp-json\/wp\/v2\/media?parent=1494"}],"curies":[{"name":"wp","href":"https:\/\/api.w.org\/{rel}","templated":true}]}}